{"id":546,"date":"2025-08-13T11:09:14","date_gmt":"2025-08-13T11:09:14","guid":{"rendered":"https:\/\/bestpartner.fi\/?page_id=546"},"modified":"2025-10-30T08:59:14","modified_gmt":"2025-10-30T08:59:14","slug":"rekisteriseloste","status":"publish","type":"page","link":"https:\/\/bestpartner.fi\/en\/rekisteriseloste\/","title":{"rendered":"Registration Statement"},"content":{"rendered":"<div data-elementor-type=\"wp-page\" data-elementor-id=\"546\" class=\"elementor elementor-546\" data-elementor-settings=\"{&quot;ha_cmc_init_switcher&quot;:&quot;no&quot;}\" data-elementor-post-type=\"page\">\n\t\t\t\t\t\t<section class=\"elementor-section elementor-top-section elementor-element elementor-element-23ee2ea elementor-section-boxed elementor-section-height-default elementor-section-height-default\" data-id=\"23ee2ea\" data-element_type=\"section\" data-settings=\"{&quot;background_background&quot;:&quot;classic&quot;,&quot;_ha_eqh_enable&quot;:false}\">\n\t\t\t\t\t\t\t<div class=\"elementor-background-overlay\"><\/div>\n\t\t\t\t\t\t\t<div class=\"elementor-container elementor-column-gap-default\">\n\t\t\t\t\t<div class=\"elementor-column elementor-col-100 elementor-top-column elementor-element elementor-element-d6b1b17\" data-id=\"d6b1b17\" data-element_type=\"column\">\n\t\t\t<div class=\"elementor-widget-wrap elementor-element-populated\">\n\t\t\t\t\t\t<div class=\"elementor-element elementor-element-da48285 elementor-widget elementor-widget-heading\" data-id=\"da48285\" data-element_type=\"widget\" data-widget_type=\"heading.default\">\n\t\t\t\t<div class=\"elementor-widget-container\">\n\t\t\t\t\t<h2 class=\"elementor-heading-title elementor-size-default\">Registration Statement<\/h2>\t\t\t\t<\/div>\n\t\t\t\t<\/div>\n\t\t\t\t\t<\/div>\n\t\t<\/div>\n\t\t\t\t\t<\/div>\n\t\t<\/section>\n\t\t\t\t<section class=\"elementor-section elementor-top-section elementor-element elementor-element-6037b17 elementor-section-boxed elementor-section-height-default elementor-section-height-default\" data-id=\"6037b17\" data-element_type=\"section\" data-settings=\"{&quot;_ha_eqh_enable&quot;:false}\">\n\t\t\t\t\t\t<div class=\"elementor-container elementor-column-gap-default\">\n\t\t\t\t\t<div class=\"elementor-column elementor-col-100 elementor-top-column elementor-element elementor-element-c80ace8\" data-id=\"c80ace8\" data-element_type=\"column\">\n\t\t\t<div class=\"elementor-widget-wrap elementor-element-populated\">\n\t\t\t\t\t\t<div class=\"elementor-element elementor-element-51359a6 elementor-widget elementor-widget-text-editor\" data-id=\"51359a6\" data-element_type=\"widget\" data-widget_type=\"text-editor.default\">\n\t\t\t\t<div class=\"elementor-widget-container\">\n\t\t\t\t\t\t\t\t\t<p><strong>Register Description \u2013 Best Partner Oy \u2013 Personal Data Register<\/strong><\/p><p>Register description pursuant to the Finnish Personal Data Act (HetiL 523\/99, Section 10)<\/p><p><strong>1. Controller and contact person for the personal data register<\/strong><\/p><p>Best Partner Oy \u2013 Business ID: 0518296-6<\/p><p>Contact person:<\/p><p>Markus Kauppila<\/p><p>markus.kauppila(at)bestpartner.fi<\/p><p>+358400706450<\/p><p><strong>2. Name of the register<\/strong><\/p><p>Best Partner \u2013 Personal Data Register<\/p><p><strong>3. Purpose of processing<\/strong><\/p><p>The purpose of the register is to communicate with the data subjects. Communication may occur through all commonly used communication channels.<\/p><p><strong>4. Data content of the register<\/strong><\/p><p>The following categories of data may be collected in the register:<\/p><p>\u2013 First and last name<\/p><p>\u2013 Date of birth<\/p><p>\u2013 Email address<\/p><p>\u2013 Phone number<\/p><p>\u2013 Job title<\/p><p>\u2013 Industry\/field<\/p><p>\u2013 Municipality\/city of residence<\/p><p>\u2013 Photograph<\/p><p>\u2013 Free-form text<\/p><p>\u2013 Education<\/p><p>\u2013 Work experience<\/p><p>\u2013 Driver\u2019s licence<\/p><p>\u2013 CV (Curriculum Vitae)<\/p><p><strong>5. Regular sources of data<\/strong><\/p><p>Data are collected from the data subjects themselves when they register as jobseekers.<\/p><p><strong>6. Regular disclosures of data<\/strong><\/p><p>Personal data from the register are not regularly disclosed to third parties without the data subject\u2019s separate consent.<\/p><p><strong>7. Transfer of data outside the EU or EEA<\/strong><\/p><p>Personal data are not transferred outside the European Union or the European Economic Area unless it is necessary for the purposes of processing or for technical implementation.<\/p><p>The controller may use third parties to collect and process personal data on the controller\u2019s behalf and according to the controller\u2019s instructions. Such parties may also be located outside the EU\/EEA (for example, the MailChimp communications system in the USA). The controller is not responsible for the actions or omissions of these third parties unless otherwise required by mandatory legislation.<\/p><p><strong>8. Storage and protection of the register<\/strong><\/p><p>Register data are processed on a protected server. Access to the register is limited to specifically authorised members of the association or other persons authorised by the register\u2019s contact person.<\/p><p><strong>9. Right of access, objection, and rectification<\/strong><\/p><p>The data subject has the right to check what information about them has been stored in the register. The request for access must be sent in writing and signed to the register\u2019s contact person in a way that allows the controller to verify the identity of the requesting data subject.<\/p><p>The data subject has the right to object to the processing and disclosure of their data for direct advertising, distance selling and direct marketing, as well as for market and opinion research, by contacting the controller.<\/p><p>The data subject also has the right to request that the controller rectify any errors in their data and delete unnecessary information from the register. The request is made by sending a signed access\/rectification request letter scanned to the controller\u2019s email address. The controller will delete the data at the data subject\u2019s request unless the controller has a justified reason to continue processing the data requested to be deleted.<\/p><p><strong>Cookie policy<\/strong><\/p><p>This site uses cookies for visitor analytics so we can provide the best possible user experience. You can read more about cookies on the website of the\u00a0<a href=\"https:\/\/www.viestintavirasto.fi\/kyberturvallisuus\/tietoturvaohjeet\/palveluidenturvallinenkaytto\/evasteet.html\">Finnish Communications Regulatory Authority.<\/a>.<\/p>\t\t\t\t\t\t\t\t<\/div>\n\t\t\t\t<\/div>\n\t\t\t\t\t<\/div>\n\t\t<\/div>\n\t\t\t\t\t<\/div>\n\t\t<\/section>\n\t\t\t\t<\/div>","protected":false},"excerpt":{"rendered":"<p>Rekisteriseloste Rekisteriseloste \u2013 Best Partner Oy \u2013 Henkil\u00f6rekisteri Henkil\u00f6tietolain (HetiL 523\/99, 10 \u00a7) mukainen rekisteriseloste 1. Rekisterinpit\u00e4j\u00e4 ja henkil\u00f6rekisterin yhteyshenkil\u00f6 [&hellip;]<\/p>","protected":false},"author":1,"featured_media":0,"parent":0,"menu_order":0,"comment_status":"closed","ping_status":"closed","template":"elementor_header_footer","meta":{"site-sidebar-layout":"no-sidebar","site-content-layout":"","ast-site-content-layout":"full-width-container","site-content-style":"default","site-sidebar-style":"default","ast-global-header-display":"","ast-banner-title-visibility":"","ast-main-header-display":"","ast-hfb-above-header-display":"","ast-hfb-below-header-display":"","ast-hfb-mobile-header-display":"","site-post-title":"disabled","ast-breadcrumbs-content":"","ast-featured-img":"disabled","footer-sml-layout":"","theme-transparent-header-meta":"","adv-header-id-meta":"","stick-header-meta":"","header-above-stick-meta":"","header-main-stick-meta":"","header-below-stick-meta":"","astra-migrate-meta-layouts":"default","ast-page-background-enabled":"default","ast-page-background-meta":{"desktop":{"background-color":"var(--ast-global-color-5)","background-image":"","background-repeat":"repeat","background-position":"center center","background-size":"auto","background-attachment":"scroll","background-type":"","background-media":"","overlay-type":"","overlay-color":"","overlay-opacity":"","overlay-gradient":""},"tablet":{"background-color":"","background-image":"","background-repeat":"repeat","background-position":"center center","background-size":"auto","background-attachment":"scroll","background-type":"","background-media":"","overlay-type":"","overlay-color":"","overlay-opacity":"","overlay-gradient":""},"mobile":{"background-color":"","background-image":"","background-repeat":"repeat","background-position":"center center","background-size":"auto","background-attachment":"scroll","background-type":"","background-media":"","overlay-type":"","overlay-color":"","overlay-opacity":"","overlay-gradient":""}},"ast-content-background-meta":{"desktop":{"background-color":"var(--ast-global-color-4)","background-image":"","background-repeat":"repeat","background-position":"center center","background-size":"auto","background-attachment":"scroll","background-type":"","background-media":"","overlay-type":"","overlay-color":"","overlay-opacity":"","overlay-gradient":""},"tablet":{"background-color":"var(--ast-global-color-4)","background-image":"","background-repeat":"repeat","background-position":"center center","background-size":"auto","background-attachment":"scroll","background-type":"","background-media":"","overlay-type":"","overlay-color":"","overlay-opacity":"","overlay-gradient":""},"mobile":{"background-color":"var(--ast-global-color-4)","background-image":"","background-repeat":"repeat","background-position":"center center","background-size":"auto","background-attachment":"scroll","background-type":"","background-media":"","overlay-type":"","overlay-color":"","overlay-opacity":"","overlay-gradient":""}},"footnotes":""},"class_list":["post-546","page","type-page","status-publish","hentry"],"yoast_head":"<!-- This site is optimized with the Yoast SEO plugin v26.2 - https:\/\/yoast.com\/wordpress\/plugins\/seo\/ -->\n<title>Rekisteriseloste - Best Partner Oy<\/title>\n<meta name=\"robots\" content=\"index, follow, max-snippet:-1, max-image-preview:large, max-video-preview:-1\" \/>\n<link rel=\"canonical\" href=\"https:\/\/bestpartner.fi\/en\/rekisteriseloste\/\" \/>\n<meta property=\"og:locale\" content=\"en_US\" \/>\n<meta property=\"og:type\" content=\"article\" \/>\n<meta property=\"og:title\" content=\"Rekisteriseloste - Best Partner Oy\" \/>\n<meta property=\"og:description\" content=\"Rekisteriseloste Rekisteriseloste \u2013 Best Partner Oy \u2013 Henkil\u00f6rekisteri Henkil\u00f6tietolain (HetiL 523\/99, 10 \u00a7) mukainen rekisteriseloste 1. Rekisterinpit\u00e4j\u00e4 ja henkil\u00f6rekisterin yhteyshenkil\u00f6 [&hellip;]\" \/>\n<meta property=\"og:url\" content=\"https:\/\/bestpartner.fi\/en\/rekisteriseloste\/\" \/>\n<meta property=\"og:site_name\" content=\"Best Partner Oy\" \/>\n<meta property=\"article:modified_time\" content=\"2025-10-30T08:59:14+00:00\" \/>\n<meta name=\"twitter:card\" content=\"summary_large_image\" \/>\n<meta name=\"twitter:label1\" content=\"Est. reading time\" \/>\n\t<meta name=\"twitter:data1\" content=\"2 minutes\" \/>\n<script type=\"application\/ld+json\" class=\"yoast-schema-graph\">{\"@context\":\"https:\/\/schema.org\",\"@graph\":[{\"@type\":\"WebPage\",\"@id\":\"https:\/\/bestpartner.fi\/rekisteriseloste\/\",\"url\":\"https:\/\/bestpartner.fi\/rekisteriseloste\/\",\"name\":\"Rekisteriseloste - Best Partner Oy\",\"isPartOf\":{\"@id\":\"https:\/\/bestpartner.fi\/#website\"},\"datePublished\":\"2025-08-13T11:09:14+00:00\",\"dateModified\":\"2025-10-30T08:59:14+00:00\",\"breadcrumb\":{\"@id\":\"https:\/\/bestpartner.fi\/rekisteriseloste\/#breadcrumb\"},\"inLanguage\":\"en-US\",\"potentialAction\":[{\"@type\":\"ReadAction\",\"target\":[\"https:\/\/bestpartner.fi\/rekisteriseloste\/\"]}]},{\"@type\":\"BreadcrumbList\",\"@id\":\"https:\/\/bestpartner.fi\/rekisteriseloste\/#breadcrumb\",\"itemListElement\":[{\"@type\":\"ListItem\",\"position\":1,\"name\":\"Etusivu\",\"item\":\"https:\/\/bestpartner.fi\/\"},{\"@type\":\"ListItem\",\"position\":2,\"name\":\"Rekisteriseloste\"}]},{\"@type\":\"WebSite\",\"@id\":\"https:\/\/bestpartner.fi\/#website\",\"url\":\"https:\/\/bestpartner.fi\/\",\"name\":\"Best Partner Oy\",\"description\":\"\",\"publisher\":{\"@id\":\"https:\/\/bestpartner.fi\/#organization\"},\"alternateName\":\"Best Partner\",\"potentialAction\":[{\"@type\":\"SearchAction\",\"target\":{\"@type\":\"EntryPoint\",\"urlTemplate\":\"https:\/\/bestpartner.fi\/?s={search_term_string}\"},\"query-input\":{\"@type\":\"PropertyValueSpecification\",\"valueRequired\":true,\"valueName\":\"search_term_string\"}}],\"inLanguage\":\"en-US\"},{\"@type\":\"Organization\",\"@id\":\"https:\/\/bestpartner.fi\/#organization\",\"name\":\"Best Partner Oy\",\"alternateName\":\"Best Partner\",\"url\":\"https:\/\/bestpartner.fi\/\",\"logo\":{\"@type\":\"ImageObject\",\"inLanguage\":\"en-US\",\"@id\":\"https:\/\/bestpartner.fi\/#\/schema\/logo\/image\/\",\"url\":\"https:\/\/bestpartner.fi\/wp-content\/uploads\/2026\/01\/logo.jpg\",\"contentUrl\":\"https:\/\/bestpartner.fi\/wp-content\/uploads\/2026\/01\/logo.jpg\",\"width\":225,\"height\":225,\"caption\":\"Best Partner Oy\"},\"image\":{\"@id\":\"https:\/\/bestpartner.fi\/#\/schema\/logo\/image\/\"}}]}<\/script>\n<!-- \/ Yoast SEO plugin. -->","yoast_head_json":{"title":"Rekisteriseloste - Best Partner Oy","robots":{"index":"index","follow":"follow","max-snippet":"max-snippet:-1","max-image-preview":"max-image-preview:large","max-video-preview":"max-video-preview:-1"},"canonical":"https:\/\/bestpartner.fi\/en\/rekisteriseloste\/","og_locale":"en_US","og_type":"article","og_title":"Rekisteriseloste - Best Partner Oy","og_description":"Rekisteriseloste Rekisteriseloste \u2013 Best Partner Oy \u2013 Henkil\u00f6rekisteri Henkil\u00f6tietolain (HetiL 523\/99, 10 \u00a7) mukainen rekisteriseloste 1. Rekisterinpit\u00e4j\u00e4 ja henkil\u00f6rekisterin yhteyshenkil\u00f6 [&hellip;]","og_url":"https:\/\/bestpartner.fi\/en\/rekisteriseloste\/","og_site_name":"Best Partner Oy","article_modified_time":"2025-10-30T08:59:14+00:00","twitter_card":"summary_large_image","twitter_misc":{"Est. reading time":"2 minutes"},"schema":{"@context":"https:\/\/schema.org","@graph":[{"@type":"WebPage","@id":"https:\/\/bestpartner.fi\/rekisteriseloste\/","url":"https:\/\/bestpartner.fi\/rekisteriseloste\/","name":"Rekisteriseloste - Best Partner Oy","isPartOf":{"@id":"https:\/\/bestpartner.fi\/#website"},"datePublished":"2025-08-13T11:09:14+00:00","dateModified":"2025-10-30T08:59:14+00:00","breadcrumb":{"@id":"https:\/\/bestpartner.fi\/rekisteriseloste\/#breadcrumb"},"inLanguage":"en-US","potentialAction":[{"@type":"ReadAction","target":["https:\/\/bestpartner.fi\/rekisteriseloste\/"]}]},{"@type":"BreadcrumbList","@id":"https:\/\/bestpartner.fi\/rekisteriseloste\/#breadcrumb","itemListElement":[{"@type":"ListItem","position":1,"name":"Etusivu","item":"https:\/\/bestpartner.fi\/"},{"@type":"ListItem","position":2,"name":"Rekisteriseloste"}]},{"@type":"WebSite","@id":"https:\/\/bestpartner.fi\/#website","url":"https:\/\/bestpartner.fi\/","name":"Best Partner Oy","description":"","publisher":{"@id":"https:\/\/bestpartner.fi\/#organization"},"alternateName":"Best Partner","potentialAction":[{"@type":"SearchAction","target":{"@type":"EntryPoint","urlTemplate":"https:\/\/bestpartner.fi\/?s={search_term_string}"},"query-input":{"@type":"PropertyValueSpecification","valueRequired":true,"valueName":"search_term_string"}}],"inLanguage":"en-US"},{"@type":"Organization","@id":"https:\/\/bestpartner.fi\/#organization","name":"Best Partner Oy","alternateName":"Best Partner","url":"https:\/\/bestpartner.fi\/","logo":{"@type":"ImageObject","inLanguage":"en-US","@id":"https:\/\/bestpartner.fi\/#\/schema\/logo\/image\/","url":"https:\/\/bestpartner.fi\/wp-content\/uploads\/2026\/01\/logo.jpg","contentUrl":"https:\/\/bestpartner.fi\/wp-content\/uploads\/2026\/01\/logo.jpg","width":225,"height":225,"caption":"Best Partner Oy"},"image":{"@id":"https:\/\/bestpartner.fi\/#\/schema\/logo\/image\/"}}]}},"_links":{"self":[{"href":"https:\/\/bestpartner.fi\/en\/wp-json\/wp\/v2\/pages\/546","targetHints":{"allow":["GET"]}}],"collection":[{"href":"https:\/\/bestpartner.fi\/en\/wp-json\/wp\/v2\/pages"}],"about":[{"href":"https:\/\/bestpartner.fi\/en\/wp-json\/wp\/v2\/types\/page"}],"author":[{"embeddable":true,"href":"https:\/\/bestpartner.fi\/en\/wp-json\/wp\/v2\/users\/1"}],"replies":[{"embeddable":true,"href":"https:\/\/bestpartner.fi\/en\/wp-json\/wp\/v2\/comments?post=546"}],"version-history":[{"count":7,"href":"https:\/\/bestpartner.fi\/en\/wp-json\/wp\/v2\/pages\/546\/revisions"}],"predecessor-version":[{"id":833,"href":"https:\/\/bestpartner.fi\/en\/wp-json\/wp\/v2\/pages\/546\/revisions\/833"}],"wp:attachment":[{"href":"https:\/\/bestpartner.fi\/en\/wp-json\/wp\/v2\/media?parent=546"}],"curies":[{"name":"wp","href":"https:\/\/api.w.org\/{rel}","templated":true}]}}